{"id":2983,"date":"2021-02-17T10:40:01","date_gmt":"2021-02-17T13:40:01","guid":{"rendered":"http:\/\/novamoveis.com.br\/?post_type=product&#038;p=2983"},"modified":"2025-02-08T22:59:12","modified_gmt":"2025-02-09T01:59:12","slug":"cadeira-giratoria-executiva-flip-light-cavalett-2","status":"publish","type":"product","link":"https:\/\/novamoveis.com.br\/?product=cadeira-giratoria-executiva-flip-light-cavalett-2","title":{"rendered":"Cadeira Girat\u00f3ria Executiva Flip Light Cavaletti"},"content":{"rendered":"<p>Cadeira Girat\u00f3ria Executiva, com bra\u00e7os regul\u00e1veis SL New PP. Encosto em TELA na cor PRETO. Assento estofado em espuma de poliuretano injetada de alta densidade. Revestimento em VINIL na cor PRETO. Base girat\u00f3ria com regulagem somente de altura por coluna a g\u00e1s. Aranha com polaina e 05 rod\u00edzios 50mm de duplo giro em nylon.Linha Flip Light &#8211; Marca Cavalett<\/p>\n","protected":false},"excerpt":{"rendered":"<p>Cadeira Girat\u00f3ria Executiva, com bra\u00e7os regul\u00e1veis SL New PP. Encosto em TELA na cor PRETO. Assento estofado em espuma de<\/p>\n","protected":false},"featured_media":2982,"comment_status":"open","ping_status":"closed","template":"","meta":{"spay_email":""},"product_cat":[39,64],"product_tag":[],"_links":{"self":[{"href":"https:\/\/novamoveis.com.br\/index.php?rest_route=\/wp\/v2\/product\/2983"}],"collection":[{"href":"https:\/\/novamoveis.com.br\/index.php?rest_route=\/wp\/v2\/product"}],"about":[{"href":"https:\/\/novamoveis.com.br\/index.php?rest_route=\/wp\/v2\/types\/product"}],"replies":[{"embeddable":true,"href":"https:\/\/novamoveis.com.br\/index.php?rest_route=%2Fwp%2Fv2%2Fcomments&post=2983"}],"wp:featuredmedia":[{"embeddable":true,"href":"https:\/\/novamoveis.com.br\/index.php?rest_route=\/wp\/v2\/media\/2982"}],"wp:attachment":[{"href":"https:\/\/novamoveis.com.br\/index.php?rest_route=%2Fwp%2Fv2%2Fmedia&parent=2983"}],"wp:term":[{"taxonomy":"product_cat","embeddable":true,"href":"https:\/\/novamoveis.com.br\/index.php?rest_route=%2Fwp%2Fv2%2Fproduct_cat&post=2983"},{"taxonomy":"product_tag","embeddable":true,"href":"https:\/\/novamoveis.com.br\/index.php?rest_route=%2Fwp%2Fv2%2Fproduct_tag&post=2983"}],"curies":[{"name":"wp","href":"https:\/\/api.w.org\/{rel}","templated":true}]}}