{"id":2984,"date":"2021-02-17T10:41:17","date_gmt":"2021-02-17T13:41:17","guid":{"rendered":"http:\/\/novamoveis.com.br\/?post_type=product&#038;p=2984"},"modified":"2025-09-19T03:13:25","modified_gmt":"2025-09-19T06:13:25","slug":"cadeira-giratoria-executiva-velo-light-cavalett","status":"publish","type":"product","link":"https:\/\/novamoveis.com.br\/?product=cadeira-giratoria-executiva-velo-light-cavalett","title":{"rendered":"Cadeira Girat\u00f3ria Executiva Velo Light Cavaletti"},"content":{"rendered":"<p>Cadeira Girat\u00f3ria Executiva, COM bra\u00e7os regul\u00e1veis SL New PP CINZA. Encosto em TELA CINZA. Assento estofado e revestido em TECIDO POLI\u00c9STER na cor CINZA. Base girat\u00f3ria com regulagem de altura a g\u00e1s, mecanismo Syncron, com trava na posi\u00e7\u00e3o de trabalho. Aranha em polaina na cor CINZA, com 05 rodizios 50 de nylon preto. Linha VELO Light &#8211; Marca Cavalett<\/p>\n","protected":false},"excerpt":{"rendered":"<p>Cadeira Girat\u00f3ria Executiva, COM bra\u00e7os regul\u00e1veis SL New PP CINZA. Encosto em TELA CINZA. Assento estofado e revestido em TECIDO<\/p>\n","protected":false},"featured_media":2985,"comment_status":"open","ping_status":"closed","template":"","meta":{"spay_email":""},"product_cat":[39,64],"product_tag":[],"_links":{"self":[{"href":"https:\/\/novamoveis.com.br\/index.php?rest_route=\/wp\/v2\/product\/2984"}],"collection":[{"href":"https:\/\/novamoveis.com.br\/index.php?rest_route=\/wp\/v2\/product"}],"about":[{"href":"https:\/\/novamoveis.com.br\/index.php?rest_route=\/wp\/v2\/types\/product"}],"replies":[{"embeddable":true,"href":"https:\/\/novamoveis.com.br\/index.php?rest_route=%2Fwp%2Fv2%2Fcomments&post=2984"}],"wp:featuredmedia":[{"embeddable":true,"href":"https:\/\/novamoveis.com.br\/index.php?rest_route=\/wp\/v2\/media\/2985"}],"wp:attachment":[{"href":"https:\/\/novamoveis.com.br\/index.php?rest_route=%2Fwp%2Fv2%2Fmedia&parent=2984"}],"wp:term":[{"taxonomy":"product_cat","embeddable":true,"href":"https:\/\/novamoveis.com.br\/index.php?rest_route=%2Fwp%2Fv2%2Fproduct_cat&post=2984"},{"taxonomy":"product_tag","embeddable":true,"href":"https:\/\/novamoveis.com.br\/index.php?rest_route=%2Fwp%2Fv2%2Fproduct_tag&post=2984"}],"curies":[{"name":"wp","href":"https:\/\/api.w.org\/{rel}","templated":true}]}}