{"id":2990,"date":"2021-02-17T10:51:11","date_gmt":"2021-02-17T13:51:11","guid":{"rendered":"http:\/\/novamoveis.com.br\/?post_type=product&#038;p=2990"},"modified":"2025-02-19T15:48:21","modified_gmt":"2025-02-19T18:48:21","slug":"cadeira-giratoria-executiva-velo-light-cavaletti-2","status":"publish","type":"product","link":"https:\/\/novamoveis.com.br\/?product=cadeira-giratoria-executiva-velo-light-cavaletti-2","title":{"rendered":"Cadeira Girat\u00f3ria Executiva Flip Light Cavaletti Cavaletti Poli\u00e9ster"},"content":{"rendered":"<p>Cadeira Girat\u00f3ria Executiva, com bra\u00e7os regul\u00e1veis SL New PP cinza. Encosto em TELA na cor MARROM. Assento estofado em espuma de poliuretano injetada de alta densidade. Revestimento em TECIDO POLI\u00c9STER na cor FENDI. Base girat\u00f3ria com regulagem somente de altura por coluna a g\u00e1s. Aranha com polaina cinza e 05 rod\u00edzios 50mm de duplo giro em nylon preto.Linha Flip Light &#8211; Marca Cavaletti<\/p>\n","protected":false},"excerpt":{"rendered":"<p>Cadeira Girat\u00f3ria Executiva, com bra\u00e7os regul\u00e1veis SL New PP cinza. Encosto em TELA na cor MARROM. Assento estofado em espuma<\/p>\n","protected":false},"featured_media":2987,"comment_status":"open","ping_status":"closed","template":"","meta":{"spay_email":""},"product_cat":[39,64],"product_tag":[],"_links":{"self":[{"href":"https:\/\/novamoveis.com.br\/index.php?rest_route=\/wp\/v2\/product\/2990"}],"collection":[{"href":"https:\/\/novamoveis.com.br\/index.php?rest_route=\/wp\/v2\/product"}],"about":[{"href":"https:\/\/novamoveis.com.br\/index.php?rest_route=\/wp\/v2\/types\/product"}],"replies":[{"embeddable":true,"href":"https:\/\/novamoveis.com.br\/index.php?rest_route=%2Fwp%2Fv2%2Fcomments&post=2990"}],"wp:featuredmedia":[{"embeddable":true,"href":"https:\/\/novamoveis.com.br\/index.php?rest_route=\/wp\/v2\/media\/2987"}],"wp:attachment":[{"href":"https:\/\/novamoveis.com.br\/index.php?rest_route=%2Fwp%2Fv2%2Fmedia&parent=2990"}],"wp:term":[{"taxonomy":"product_cat","embeddable":true,"href":"https:\/\/novamoveis.com.br\/index.php?rest_route=%2Fwp%2Fv2%2Fproduct_cat&post=2990"},{"taxonomy":"product_tag","embeddable":true,"href":"https:\/\/novamoveis.com.br\/index.php?rest_route=%2Fwp%2Fv2%2Fproduct_tag&post=2990"}],"curies":[{"name":"wp","href":"https:\/\/api.w.org\/{rel}","templated":true}]}}