{"id":2994,"date":"2021-02-17T15:32:54","date_gmt":"2021-02-17T18:32:54","guid":{"rendered":"http:\/\/novamoveis.com.br\/?post_type=product&#038;p=2994"},"modified":"2025-06-04T02:18:22","modified_gmt":"2025-06-04T05:18:22","slug":"poltrona-giratoria-presidente-velo-cavaletti","status":"publish","type":"product","link":"https:\/\/novamoveis.com.br\/?product=poltrona-giratoria-presidente-velo-cavaletti","title":{"rendered":"Poltrona Girat\u00f3ria Presidente Velo Cavaletti"},"content":{"rendered":"<p>Poltrona Girat\u00f3ria Presidente, com bra\u00e7os regul\u00e1veis ID. Encosto em TELA na cor a definir, com apoio de cabe\u00e7a fixo e apoio lombar regul\u00e1vel. Assento estofado em espuma de poliuretano injetada de alta densidade. Revestimento em VINIL ou POLI\u00c9STER na cor a definir. Base girat\u00f3ria com regulagem de altura a g\u00e1s e mecanismo de inclina\u00e7\u00e3o SRE-MC (sistema de regulagem do encosto). Aranha em nylon, com 05 rod\u00edzios 65mm de duplo giro em nylon.<br \/>\nLinha V\u00e9lo &#8211; Marca Cavaletti<\/p>\n","protected":false},"excerpt":{"rendered":"<p>Poltrona Girat\u00f3ria Presidente, com bra\u00e7os regul\u00e1veis ID. Encosto em TELA na cor a definir, com apoio de cabe\u00e7a fixo e<\/p>\n","protected":false},"featured_media":2995,"comment_status":"open","ping_status":"closed","template":"","meta":{"spay_email":""},"product_cat":[39,64],"product_tag":[],"_links":{"self":[{"href":"https:\/\/novamoveis.com.br\/index.php?rest_route=\/wp\/v2\/product\/2994"}],"collection":[{"href":"https:\/\/novamoveis.com.br\/index.php?rest_route=\/wp\/v2\/product"}],"about":[{"href":"https:\/\/novamoveis.com.br\/index.php?rest_route=\/wp\/v2\/types\/product"}],"replies":[{"embeddable":true,"href":"https:\/\/novamoveis.com.br\/index.php?rest_route=%2Fwp%2Fv2%2Fcomments&post=2994"}],"wp:featuredmedia":[{"embeddable":true,"href":"https:\/\/novamoveis.com.br\/index.php?rest_route=\/wp\/v2\/media\/2995"}],"wp:attachment":[{"href":"https:\/\/novamoveis.com.br\/index.php?rest_route=%2Fwp%2Fv2%2Fmedia&parent=2994"}],"wp:term":[{"taxonomy":"product_cat","embeddable":true,"href":"https:\/\/novamoveis.com.br\/index.php?rest_route=%2Fwp%2Fv2%2Fproduct_cat&post=2994"},{"taxonomy":"product_tag","embeddable":true,"href":"https:\/\/novamoveis.com.br\/index.php?rest_route=%2Fwp%2Fv2%2Fproduct_tag&post=2994"}],"curies":[{"name":"wp","href":"https:\/\/api.w.org\/{rel}","templated":true}]}}