{"id":2999,"date":"2021-02-17T15:42:49","date_gmt":"2021-02-17T18:42:49","guid":{"rendered":"http:\/\/novamoveis.com.br\/?post_type=product&#038;p=2999"},"modified":"2025-09-21T17:02:37","modified_gmt":"2025-09-21T20:02:37","slug":"poltrona-giratoria-presidente-essence-cavaletti","status":"publish","type":"product","link":"https:\/\/novamoveis.com.br\/?product=poltrona-giratoria-presidente-essence-cavaletti","title":{"rendered":"Poltrona Girat\u00f3ria Diretor Essence Cavaletti"},"content":{"rendered":"<p>Poltrona Girat\u00f3ria Presidente, com bra\u00e7os regul\u00e1veis 4D. Assento e encosto estofados em espuma de poliuretano injetada de alta densidade. Possui regulagem do assento. Revestimento em COURO ECOL\u00d3GICO na cor a definir. Base girat\u00f3ria com regulagem de altura a g\u00e1s e mecanismo de inclina\u00e7\u00e3o Syncron (04 est\u00e1gios com regulagem de tens\u00e3o por man\u00edpulo central). Aranha em nylon, com 05 rod\u00edzios 65mm de duplo giro em PU.<br \/>\nLinha Essence &#8211; Marca Cavaletti<\/p>\n","protected":false},"excerpt":{"rendered":"<p>Poltrona Girat\u00f3ria Presidente, com bra\u00e7os regul\u00e1veis 4D. Assento e encosto estofados em espuma de poliuretano injetada de alta densidade. Possui<\/p>\n","protected":false},"featured_media":3000,"comment_status":"open","ping_status":"closed","template":"","meta":{"spay_email":""},"product_cat":[39,64],"product_tag":[],"_links":{"self":[{"href":"https:\/\/novamoveis.com.br\/index.php?rest_route=\/wp\/v2\/product\/2999"}],"collection":[{"href":"https:\/\/novamoveis.com.br\/index.php?rest_route=\/wp\/v2\/product"}],"about":[{"href":"https:\/\/novamoveis.com.br\/index.php?rest_route=\/wp\/v2\/types\/product"}],"replies":[{"embeddable":true,"href":"https:\/\/novamoveis.com.br\/index.php?rest_route=%2Fwp%2Fv2%2Fcomments&post=2999"}],"wp:featuredmedia":[{"embeddable":true,"href":"https:\/\/novamoveis.com.br\/index.php?rest_route=\/wp\/v2\/media\/3000"}],"wp:attachment":[{"href":"https:\/\/novamoveis.com.br\/index.php?rest_route=%2Fwp%2Fv2%2Fmedia&parent=2999"}],"wp:term":[{"taxonomy":"product_cat","embeddable":true,"href":"https:\/\/novamoveis.com.br\/index.php?rest_route=%2Fwp%2Fv2%2Fproduct_cat&post=2999"},{"taxonomy":"product_tag","embeddable":true,"href":"https:\/\/novamoveis.com.br\/index.php?rest_route=%2Fwp%2Fv2%2Fproduct_tag&post=2999"}],"curies":[{"name":"wp","href":"https:\/\/api.w.org\/{rel}","templated":true}]}}