{"id":3001,"date":"2021-02-17T15:45:28","date_gmt":"2021-02-17T18:45:28","guid":{"rendered":"http:\/\/novamoveis.com.br\/?post_type=product&#038;p=3001"},"modified":"2025-09-21T17:02:15","modified_gmt":"2025-09-21T20:02:15","slug":"poltrona-giratoria-diretor-air-cavaletti","status":"publish","type":"product","link":"https:\/\/novamoveis.com.br\/?product=poltrona-giratoria-diretor-air-cavaletti","title":{"rendered":"Poltrona Girat\u00f3ria Air Cavaletti"},"content":{"rendered":"<p>Cadeira Girat\u00f3ria Executiva, com bra\u00e7os regul\u00e1veis SL. Encosto em TELA na cor a definir. Assento estofado em espuma de poliuretano injetada de alta densidade. Possui apoio lombar regul\u00e1vel e regulagem do assento. Revestimento em VINIL ou POLI\u00c9STER na cor a definir. Base girat\u00f3ria com regulagem de altura a g\u00e1s e mecanismo de inclina\u00e7\u00e3o SRE-MC (sistema de regulagem do encosto). Aranha com polaina e 05 rod\u00edzios 50mm de duplo giro em nylon.<br \/>\nLinha Air &#8211; Marca Cavaletti<\/p>\n","protected":false},"excerpt":{"rendered":"<p>Cadeira Girat\u00f3ria Executiva, com bra\u00e7os regul\u00e1veis SL. Encosto em TELA na cor a definir. Assento estofado em espuma de poliuretano<\/p>\n","protected":false},"featured_media":3002,"comment_status":"open","ping_status":"closed","template":"","meta":{"spay_email":""},"product_cat":[39,64],"product_tag":[],"_links":{"self":[{"href":"https:\/\/novamoveis.com.br\/index.php?rest_route=\/wp\/v2\/product\/3001"}],"collection":[{"href":"https:\/\/novamoveis.com.br\/index.php?rest_route=\/wp\/v2\/product"}],"about":[{"href":"https:\/\/novamoveis.com.br\/index.php?rest_route=\/wp\/v2\/types\/product"}],"replies":[{"embeddable":true,"href":"https:\/\/novamoveis.com.br\/index.php?rest_route=%2Fwp%2Fv2%2Fcomments&post=3001"}],"wp:featuredmedia":[{"embeddable":true,"href":"https:\/\/novamoveis.com.br\/index.php?rest_route=\/wp\/v2\/media\/3002"}],"wp:attachment":[{"href":"https:\/\/novamoveis.com.br\/index.php?rest_route=%2Fwp%2Fv2%2Fmedia&parent=3001"}],"wp:term":[{"taxonomy":"product_cat","embeddable":true,"href":"https:\/\/novamoveis.com.br\/index.php?rest_route=%2Fwp%2Fv2%2Fproduct_cat&post=3001"},{"taxonomy":"product_tag","embeddable":true,"href":"https:\/\/novamoveis.com.br\/index.php?rest_route=%2Fwp%2Fv2%2Fproduct_tag&post=3001"}],"curies":[{"name":"wp","href":"https:\/\/api.w.org\/{rel}","templated":true}]}}