{"id":3010,"date":"2021-02-17T16:02:55","date_gmt":"2021-02-17T19:02:55","guid":{"rendered":"http:\/\/novamoveis.com.br\/?post_type=product&#038;p=3010"},"modified":"2025-04-14T04:04:49","modified_gmt":"2025-04-14T07:04:49","slug":"cadeira-giratoria-executiva-3","status":"publish","type":"product","link":"https:\/\/novamoveis.com.br\/?product=cadeira-giratoria-executiva-3","title":{"rendered":"Cadeira executiva Back-System com bra\u00e7os regul\u00e1veis"},"content":{"rendered":"<p>Cadeira executiva Back-System com bra\u00e7os regul\u00e1veis.<\/p>\n","protected":false},"excerpt":{"rendered":"<p>Cadeira executiva Back-System com bra\u00e7os regul\u00e1veis.<\/p>\n","protected":false},"featured_media":3011,"comment_status":"open","ping_status":"closed","template":"","meta":{"spay_email":""},"product_cat":[39,64],"product_tag":[],"_links":{"self":[{"href":"https:\/\/novamoveis.com.br\/index.php?rest_route=\/wp\/v2\/product\/3010"}],"collection":[{"href":"https:\/\/novamoveis.com.br\/index.php?rest_route=\/wp\/v2\/product"}],"about":[{"href":"https:\/\/novamoveis.com.br\/index.php?rest_route=\/wp\/v2\/types\/product"}],"replies":[{"embeddable":true,"href":"https:\/\/novamoveis.com.br\/index.php?rest_route=%2Fwp%2Fv2%2Fcomments&post=3010"}],"wp:featuredmedia":[{"embeddable":true,"href":"https:\/\/novamoveis.com.br\/index.php?rest_route=\/wp\/v2\/media\/3011"}],"wp:attachment":[{"href":"https:\/\/novamoveis.com.br\/index.php?rest_route=%2Fwp%2Fv2%2Fmedia&parent=3010"}],"wp:term":[{"taxonomy":"product_cat","embeddable":true,"href":"https:\/\/novamoveis.com.br\/index.php?rest_route=%2Fwp%2Fv2%2Fproduct_cat&post=3010"},{"taxonomy":"product_tag","embeddable":true,"href":"https:\/\/novamoveis.com.br\/index.php?rest_route=%2Fwp%2Fv2%2Fproduct_tag&post=3010"}],"curies":[{"name":"wp","href":"https:\/\/api.w.org\/{rel}","templated":true}]}}