{"id":3093,"date":"2021-03-16T14:29:36","date_gmt":"2021-03-16T17:29:36","guid":{"rendered":"http:\/\/novamoveis.com.br\/?post_type=product&#038;p=3093"},"modified":"2026-04-13T23:36:06","modified_gmt":"2026-04-14T02:36:06","slug":"poltrona-giratoria-addit-frisokar","status":"publish","type":"product","link":"https:\/\/novamoveis.com.br\/?product=poltrona-giratoria-addit-frisokar","title":{"rendered":"POLTRONA GIRAT\u00d3RIA ADDIT FRISOKAR"},"content":{"rendered":"<div class=\"flex textoResumoTipo xs12\" data-v-9e8a2ea4=\"\">adeira addit presidente tela com encosto de cabeca pt assen<\/div>\n<div class=\"flex textoResumoOpc pb-3 xs12\" data-v-9e8a2ea4=\"\"><span data-v-9e8a2ea4=\"\">Pr\u00e9 montado,<\/span> <span data-v-9e8a2ea4=\"\">Sem costura<\/span><\/div>\n<div class=\"flex xs12\" data-v-9e8a2ea4=\"\">\n<div class=\"layout row wrap pt-3\" data-v-9e8a2ea4=\"\">\n<div class=\"flex textoResumoTipo xs12\" data-v-9e8a2ea4=\"\">Cor Polipropileno<\/div>\n<div class=\"flex textoResumoOpc xs12\" data-v-9e8a2ea4=\"\">Capa de assento.<\/div>\n<\/div>\n<\/div>\n<div class=\"flex xs12\" data-v-9e8a2ea4=\"\">\n<div class=\"layout row wrap pt-3\" data-v-9e8a2ea4=\"\">\n<div class=\"flex textoResumoTipo xs12\" data-v-9e8a2ea4=\"\">Revestimento<\/div>\n<div class=\"flex textoResumoOpc xs12\" data-v-9e8a2ea4=\"\">Tecido Crepe preto<\/div>\n<\/div>\n<\/div>\n<div class=\"flex xs12\" data-v-9e8a2ea4=\"\">\n<div class=\"layout row wrap pt-3\" data-v-9e8a2ea4=\"\">\n<div class=\"flex textoResumoTipo xs12\" data-v-9e8a2ea4=\"\">Mecanismo<\/div>\n<div class=\"flex textoResumoOpc xs12\" data-v-9e8a2ea4=\"\">Evolution (contato permanente), ajuste de altura e inclina\u00e7\u00e3o do encosto, ajuste de altura do assento<\/div>\n<\/div>\n<\/div>\n<div class=\"flex xs12\" data-v-9e8a2ea4=\"\">\n<div class=\"layout row wrap pt-3\" data-v-9e8a2ea4=\"\">\n<div class=\"flex textoResumoTipo xs12\" data-v-9e8a2ea4=\"\">Base<\/div>\n<div class=\"flex textoResumoOpc xs12\" data-v-9e8a2ea4=\"\">Base piramidal de nylon com fibra de vidro<\/div>\n<\/div>\n<\/div>\n<div class=\"flex xs12\" data-v-9e8a2ea4=\"\">\n<div class=\"layout row wrap pt-3\" data-v-9e8a2ea4=\"\">\n<div class=\"flex textoResumoTipo xs12\" data-v-9e8a2ea4=\"\">Rod\u00edzio<\/div>\n<div class=\"flex textoResumoOpc xs12\" data-v-9e8a2ea4=\"\">Rod\u00edzio de duplo giro, nylon preto. Piso carpete<\/div>\n<\/div>\n<\/div>\n<div class=\"flex textoResumoTipo pt-3 xs12\" data-v-9e8a2ea4=\"\">Tecido Fornecido<\/div>\n<div class=\"flex textoResumoOpc xs12\" data-v-9e8a2ea4=\"\">Para vers\u00e3o com este revestimento fornecido: 0.84134 m\u00b2<br \/>\nNecess\u00e1rio envio por meio de nota de remessa para industrializa\u00e7\u00e3o<\/div>\n","protected":false},"excerpt":{"rendered":"<p>adeira addit presidente tela com encosto de cabeca pt assen Pr\u00e9 montado, Sem costura Cor Polipropileno Capa de assento. Revestimento<\/p>\n","protected":false},"featured_media":3133,"comment_status":"open","ping_status":"closed","template":"","meta":{"spay_email":""},"product_cat":[39,64],"product_tag":[],"_links":{"self":[{"href":"https:\/\/novamoveis.com.br\/index.php?rest_route=\/wp\/v2\/product\/3093"}],"collection":[{"href":"https:\/\/novamoveis.com.br\/index.php?rest_route=\/wp\/v2\/product"}],"about":[{"href":"https:\/\/novamoveis.com.br\/index.php?rest_route=\/wp\/v2\/types\/product"}],"replies":[{"embeddable":true,"href":"https:\/\/novamoveis.com.br\/index.php?rest_route=%2Fwp%2Fv2%2Fcomments&post=3093"}],"wp:featuredmedia":[{"embeddable":true,"href":"https:\/\/novamoveis.com.br\/index.php?rest_route=\/wp\/v2\/media\/3133"}],"wp:attachment":[{"href":"https:\/\/novamoveis.com.br\/index.php?rest_route=%2Fwp%2Fv2%2Fmedia&parent=3093"}],"wp:term":[{"taxonomy":"product_cat","embeddable":true,"href":"https:\/\/novamoveis.com.br\/index.php?rest_route=%2Fwp%2Fv2%2Fproduct_cat&post=3093"},{"taxonomy":"product_tag","embeddable":true,"href":"https:\/\/novamoveis.com.br\/index.php?rest_route=%2Fwp%2Fv2%2Fproduct_tag&post=3093"}],"curies":[{"name":"wp","href":"https:\/\/api.w.org\/{rel}","templated":true}]}}