{"id":3097,"date":"2021-03-16T15:09:02","date_gmt":"2021-03-16T18:09:02","guid":{"rendered":"http:\/\/novamoveis.com.br\/?post_type=product&#038;p=3097"},"modified":"2025-09-21T17:00:59","modified_gmt":"2025-09-21T20:00:59","slug":"poltrona-giratoria-addit-diretor-frisokar","status":"publish","type":"product","link":"https:\/\/novamoveis.com.br\/?product=poltrona-giratoria-addit-diretor-frisokar","title":{"rendered":"POLTRONA GIRAT\u00d3RIA ADDIT DIRETOR FRISOKAR"},"content":{"rendered":"<div class=\"flex textoResumoTipo xs12\" data-v-9e8a2ea4=\"\">cadeira addit tela pt assento tap c01 c\/braco 8054 mecanismo<\/div>\n<div class=\"flex textoResumoOpc pb-3 xs12\" data-v-9e8a2ea4=\"\"><span data-v-9e8a2ea4=\"\">Pr\u00e9 montado,<\/span> <span data-v-9e8a2ea4=\"\">Sem costura<\/span><\/div>\n<div class=\"flex xs12\" data-v-9e8a2ea4=\"\">\n<div class=\"layout row wrap pt-3\" data-v-9e8a2ea4=\"\">\n<div class=\"flex textoResumoTipo xs12\" data-v-9e8a2ea4=\"\">Cor Polipropileno<\/div>\n<div class=\"flex textoResumoOpc xs12\" data-v-9e8a2ea4=\"\"><\/div>\n<\/div>\n<\/div>\n<div class=\"flex xs12\" data-v-9e8a2ea4=\"\">\n<div class=\"layout row wrap pt-3\" data-v-9e8a2ea4=\"\">\n<div class=\"flex textoResumoTipo xs12\" data-v-9e8a2ea4=\"\">Revestimento<\/div>\n<div class=\"flex textoResumoOpc xs12\" data-v-9e8a2ea4=\"\">Tecido Crepe preto<\/div>\n<\/div>\n<\/div>\n<div class=\"flex xs12\" data-v-9e8a2ea4=\"\">\n<div class=\"layout row wrap pt-3\" data-v-9e8a2ea4=\"\">\n<div class=\"flex textoResumoTipo xs12\" data-v-9e8a2ea4=\"\">Mecanismo<\/div>\n<div class=\"flex textoResumoOpc xs12\" data-v-9e8a2ea4=\"\"><\/div>\n<\/div>\n<\/div>\n<div class=\"flex xs12\" data-v-9e8a2ea4=\"\">\n<div class=\"layout row wrap pt-3\" data-v-9e8a2ea4=\"\">\n<div class=\"flex textoResumoTipo xs12\" data-v-9e8a2ea4=\"\">Base<\/div>\n<div class=\"flex textoResumoOpc xs12\" data-v-9e8a2ea4=\"\">Base piramidal de nylon com fibra de vidro<\/div>\n<\/div>\n<\/div>\n<div class=\"flex xs12\" data-v-9e8a2ea4=\"\">\n<div class=\"layout row wrap pt-3\" data-v-9e8a2ea4=\"\">\n<div class=\"flex textoResumoTipo xs12\" data-v-9e8a2ea4=\"\">Rod\u00edzio<\/div>\n<div class=\"flex textoResumoOpc xs12\" data-v-9e8a2ea4=\"\">Rod\u00edzio de duplo giro, nylon preto. Piso carpete<\/div>\n<\/div>\n<\/div>\n<div class=\"flex textoResumoTipo pt-3 xs12\" data-v-9e8a2ea4=\"\">Tecido Fornecido<\/div>\n<div class=\"flex textoResumoOpc xs12\" data-v-9e8a2ea4=\"\">Para vers\u00e3o com este revestimento fornecido: 1.679 m\u00b2<br \/>\nNecess\u00e1rio envio por meio de nota de remessa para industrializa\u00e7\u00e3o<\/div>\n","protected":false},"excerpt":{"rendered":"<p>cadeira addit tela pt assento tap c01 c\/braco 8054 mecanismo Pr\u00e9 montado, Sem costura Cor Polipropileno Revestimento Tecido Crepe preto<\/p>\n","protected":false},"featured_media":3134,"comment_status":"open","ping_status":"closed","template":"","meta":{"spay_email":""},"product_cat":[39,64],"product_tag":[],"_links":{"self":[{"href":"https:\/\/novamoveis.com.br\/index.php?rest_route=\/wp\/v2\/product\/3097"}],"collection":[{"href":"https:\/\/novamoveis.com.br\/index.php?rest_route=\/wp\/v2\/product"}],"about":[{"href":"https:\/\/novamoveis.com.br\/index.php?rest_route=\/wp\/v2\/types\/product"}],"replies":[{"embeddable":true,"href":"https:\/\/novamoveis.com.br\/index.php?rest_route=%2Fwp%2Fv2%2Fcomments&post=3097"}],"wp:featuredmedia":[{"embeddable":true,"href":"https:\/\/novamoveis.com.br\/index.php?rest_route=\/wp\/v2\/media\/3134"}],"wp:attachment":[{"href":"https:\/\/novamoveis.com.br\/index.php?rest_route=%2Fwp%2Fv2%2Fmedia&parent=3097"}],"wp:term":[{"taxonomy":"product_cat","embeddable":true,"href":"https:\/\/novamoveis.com.br\/index.php?rest_route=%2Fwp%2Fv2%2Fproduct_cat&post=3097"},{"taxonomy":"product_tag","embeddable":true,"href":"https:\/\/novamoveis.com.br\/index.php?rest_route=%2Fwp%2Fv2%2Fproduct_tag&post=3097"}],"curies":[{"name":"wp","href":"https:\/\/api.w.org\/{rel}","templated":true}]}}