{"id":3109,"date":"2021-03-17T11:19:11","date_gmt":"2021-03-17T14:19:11","guid":{"rendered":"https:\/\/novamoveis.com.br\/?post_type=product&#038;p=3109"},"modified":"2025-04-14T04:05:39","modified_gmt":"2025-04-14T07:05:39","slug":"cadeira-giratoria-zip-tela-frisokar","status":"publish","type":"product","link":"https:\/\/novamoveis.com.br\/?product=cadeira-giratoria-zip-tela-frisokar","title":{"rendered":"CADEIRA GIRAT\u00d3RIA ZIP TELA FRISOKAR"},"content":{"rendered":"<div class=\"flex textoResumoTipo xs12\" data-v-9e8a2ea4=\"\">Zip tela assento c01 mecanismo evolution contato permanente<\/div>\n<div class=\"flex textoResumoOpc pb-3 xs12\" data-v-9e8a2ea4=\"\"><span data-v-9e8a2ea4=\"\">Desmontado,<\/span> <span data-v-9e8a2ea4=\"\">Sem costura<\/span><\/div>\n<div class=\"flex xs12\" data-v-9e8a2ea4=\"\">\n<div class=\"layout row wrap pt-3\" data-v-9e8a2ea4=\"\">\n<div class=\"flex textoResumoTipo xs12\" data-v-9e8a2ea4=\"\">Cor tela<\/div>\n<div class=\"flex textoResumoOpc xs12\" data-v-9e8a2ea4=\"\"><\/div>\n<\/div>\n<\/div>\n<div class=\"flex xs12\" data-v-9e8a2ea4=\"\">\n<div class=\"layout row wrap pt-3\" data-v-9e8a2ea4=\"\">\n<div class=\"flex textoResumoTipo xs12\" data-v-9e8a2ea4=\"\">Bra\u00e7os<\/div>\n<div class=\"flex textoResumoOpc xs12\" data-v-9e8a2ea4=\"\">Sem bra\u00e7o<\/div>\n<\/div>\n<\/div>\n<div class=\"flex xs12\" data-v-9e8a2ea4=\"\">\n<div class=\"layout row wrap pt-3\" data-v-9e8a2ea4=\"\">\n<div class=\"flex textoResumoTipo xs12\" data-v-9e8a2ea4=\"\">Revestimento<\/div>\n<div class=\"flex textoResumoOpc xs12\" data-v-9e8a2ea4=\"\">Tecido Crepe preto<\/div>\n<\/div>\n<\/div>\n<div class=\"flex xs12\" data-v-9e8a2ea4=\"\">\n<div class=\"layout row wrap pt-3\" data-v-9e8a2ea4=\"\">\n<div class=\"flex textoResumoTipo xs12\" data-v-9e8a2ea4=\"\">Mecanismo<\/div>\n<div class=\"flex textoResumoOpc xs12\" data-v-9e8a2ea4=\"\"><\/div>\n<\/div>\n<\/div>\n<div class=\"flex xs12\" data-v-9e8a2ea4=\"\">\n<div class=\"layout row wrap pt-3\" data-v-9e8a2ea4=\"\">\n<div class=\"flex textoResumoTipo xs12\" data-v-9e8a2ea4=\"\">Base<\/div>\n<div class=\"flex textoResumoOpc xs12\" data-v-9e8a2ea4=\"\">Base piramidal de nylon com fibra de vidro<\/div>\n<\/div>\n<\/div>\n<div class=\"flex xs12\" data-v-9e8a2ea4=\"\">\n<div class=\"layout row wrap pt-3\" data-v-9e8a2ea4=\"\">\n<div class=\"flex textoResumoTipo xs12\" data-v-9e8a2ea4=\"\">Rod\u00edzio<\/div>\n<div class=\"flex textoResumoOpc xs12\" data-v-9e8a2ea4=\"\">Rod\u00edzio com banda de rodagem na cor cinza em PU, anti risco preto.<\/div>\n<\/div>\n<\/div>\n<div class=\"flex textoResumoTipo pt-3 xs12\" data-v-9e8a2ea4=\"\">Tecido Fornecido<\/div>\n<div class=\"flex textoResumoOpc xs12\" data-v-9e8a2ea4=\"\">Para vers\u00e3o com este revestimento fornecido: 3.13766 m\u00b2<br \/>\nNecess\u00e1rio envio por meio de nota de remessa para industrializa\u00e7\u00e3o<\/div>\n","protected":false},"excerpt":{"rendered":"<p>Zip tela assento c01 mecanismo evolution contato permanente Desmontado, Sem costura Cor tela Bra\u00e7os Sem bra\u00e7o Revestimento Tecido Crepe preto<\/p>\n","protected":false},"featured_media":3110,"comment_status":"open","ping_status":"closed","template":"","meta":{"spay_email":""},"product_cat":[39,64],"product_tag":[],"_links":{"self":[{"href":"https:\/\/novamoveis.com.br\/index.php?rest_route=\/wp\/v2\/product\/3109"}],"collection":[{"href":"https:\/\/novamoveis.com.br\/index.php?rest_route=\/wp\/v2\/product"}],"about":[{"href":"https:\/\/novamoveis.com.br\/index.php?rest_route=\/wp\/v2\/types\/product"}],"replies":[{"embeddable":true,"href":"https:\/\/novamoveis.com.br\/index.php?rest_route=%2Fwp%2Fv2%2Fcomments&post=3109"}],"wp:featuredmedia":[{"embeddable":true,"href":"https:\/\/novamoveis.com.br\/index.php?rest_route=\/wp\/v2\/media\/3110"}],"wp:attachment":[{"href":"https:\/\/novamoveis.com.br\/index.php?rest_route=%2Fwp%2Fv2%2Fmedia&parent=3109"}],"wp:term":[{"taxonomy":"product_cat","embeddable":true,"href":"https:\/\/novamoveis.com.br\/index.php?rest_route=%2Fwp%2Fv2%2Fproduct_cat&post=3109"},{"taxonomy":"product_tag","embeddable":true,"href":"https:\/\/novamoveis.com.br\/index.php?rest_route=%2Fwp%2Fv2%2Fproduct_tag&post=3109"}],"curies":[{"name":"wp","href":"https:\/\/api.w.org\/{rel}","templated":true}]}}