{"id":3113,"date":"2021-03-17T11:25:11","date_gmt":"2021-03-17T14:25:11","guid":{"rendered":"https:\/\/novamoveis.com.br\/?post_type=product&#038;p=3113"},"modified":"2025-02-08T23:00:51","modified_gmt":"2025-02-09T02:00:51","slug":"poltrona-com-apoio-de-cabeca-aika-frisokar","status":"publish","type":"product","link":"https:\/\/novamoveis.com.br\/?product=poltrona-com-apoio-de-cabeca-aika-frisokar","title":{"rendered":"POLTRONA COM APOIO DE CABE\u00c7A AIKA FRISOKAR"},"content":{"rendered":"<div class=\"flex textoResumoTipo xs12\" data-v-9e8a2ea4=\"\">Aika tela preta c\/lomar+enc cabeca tap giratoria c\/br fixo b<\/div>\n<div class=\"flex textoResumoOpc pb-3 xs12\" data-v-9e8a2ea4=\"\"><span data-v-9e8a2ea4=\"\">Desmontado,<\/span> <span data-v-9e8a2ea4=\"\">Com costura,<\/span><\/div>\n<div class=\"flex xs12\" data-v-9e8a2ea4=\"\">\n<div class=\"layout row wrap pt-3\" data-v-9e8a2ea4=\"\">\n<div class=\"flex textoResumoTipo xs12\" data-v-9e8a2ea4=\"\">Aika<\/div>\n<div class=\"flex textoResumoOpc xs12\" data-v-9e8a2ea4=\"\">Cadeira Aika, encosto de tela diretor, com apoio lombar e quadro estrutural em termopl\u00e1stico injetado. Apoio de cabe\u00e7a opcional estofado ajust\u00e1vel em altura. Bra\u00e7os fixos em PP. Assento estofado.<\/div>\n<\/div>\n<\/div>\n<div class=\"flex textoResumoTipo pt-3 xs12\" data-v-9e8a2ea4=\"\">Tecido Fornecido<\/div>\n<div class=\"flex textoResumoOpc xs12\" data-v-9e8a2ea4=\"\">Para vers\u00e3o com este revestimento fornecido: 0 m\u00b2<br \/>\nNecess\u00e1rio envio por meio de nota de remessa para industrializa\u00e7\u00e3o<\/div>\n","protected":false},"excerpt":{"rendered":"<p>Aika tela preta c\/lomar+enc cabeca tap giratoria c\/br fixo b Desmontado, Com costura, Aika Cadeira Aika, encosto de tela diretor,<\/p>\n","protected":false},"featured_media":3114,"comment_status":"open","ping_status":"closed","template":"","meta":{"spay_email":""},"product_cat":[39,64],"product_tag":[],"_links":{"self":[{"href":"https:\/\/novamoveis.com.br\/index.php?rest_route=\/wp\/v2\/product\/3113"}],"collection":[{"href":"https:\/\/novamoveis.com.br\/index.php?rest_route=\/wp\/v2\/product"}],"about":[{"href":"https:\/\/novamoveis.com.br\/index.php?rest_route=\/wp\/v2\/types\/product"}],"replies":[{"embeddable":true,"href":"https:\/\/novamoveis.com.br\/index.php?rest_route=%2Fwp%2Fv2%2Fcomments&post=3113"}],"wp:featuredmedia":[{"embeddable":true,"href":"https:\/\/novamoveis.com.br\/index.php?rest_route=\/wp\/v2\/media\/3114"}],"wp:attachment":[{"href":"https:\/\/novamoveis.com.br\/index.php?rest_route=%2Fwp%2Fv2%2Fmedia&parent=3113"}],"wp:term":[{"taxonomy":"product_cat","embeddable":true,"href":"https:\/\/novamoveis.com.br\/index.php?rest_route=%2Fwp%2Fv2%2Fproduct_cat&post=3113"},{"taxonomy":"product_tag","embeddable":true,"href":"https:\/\/novamoveis.com.br\/index.php?rest_route=%2Fwp%2Fv2%2Fproduct_tag&post=3113"}],"curies":[{"name":"wp","href":"https:\/\/api.w.org\/{rel}","templated":true}]}}